{"id":1010,"date":"2023-06-19T20:12:29","date_gmt":"2023-06-19T19:12:29","guid":{"rendered":"https:\/\/mijnvormgever.wodev.nl\/?page_id=1010"},"modified":"2024-01-24T09:17:52","modified_gmt":"2024-01-24T08:17:52","slug":"home-new","status":"publish","type":"page","link":"https:\/\/natuurhout.nl\/de\/","title":{"rendered":"Heim"},"content":{"rendered":"<div data-elementor-type=\"wp-page\" data-elementor-id=\"1010\" class=\"elementor elementor-1010\" data-elementor-post-type=\"page\">\n\t\t\t\t\t\t<section data-dce-background-image-url=\"https:\/\/natuurhout.nl\/wp-content\/uploads\/Houthakker-4716-min-min-scaled.jpg\" class=\"elementor-section elementor-top-section elementor-element elementor-element-40b936b elementor-section-height-min-height elementor-section-boxed elementor-section-height-default elementor-section-items-middle\" data-id=\"40b936b\" data-element_type=\"section\" data-e-type=\"section\" data-settings=\"{&quot;background_background&quot;:&quot;classic&quot;}\">\n\t\t\t\t\t\t<div class=\"elementor-container elementor-column-gap-default\">\n\t\t\t\t\t<div class=\"elementor-column elementor-col-100 elementor-top-column elementor-element elementor-element-fba636b\" data-id=\"fba636b\" data-element_type=\"column\" data-e-type=\"column\">\n\t\t\t<div class=\"elementor-widget-wrap\">\n\t\t\t\t\t\t\t<\/div>\n\t\t<\/div>\n\t\t\t\t\t<\/div>\n\t\t<\/section>\n\t\t\t\t<section class=\"elementor-section elementor-top-section elementor-element elementor-element-dcb3d20 elementor-section-boxed elementor-section-height-default elementor-section-height-default\" data-id=\"dcb3d20\" data-element_type=\"section\" data-e-type=\"section\" data-settings=\"{&quot;background_background&quot;:&quot;classic&quot;}\">\n\t\t\t\t\t\t<div class=\"elementor-container elementor-column-gap-default\">\n\t\t\t\t\t<div class=\"elementor-column elementor-col-100 elementor-top-column elementor-element elementor-element-1bf01d3\" data-id=\"1bf01d3\" data-element_type=\"column\" data-e-type=\"column\">\n\t\t\t<div class=\"elementor-widget-wrap elementor-element-populated\">\n\t\t\t\t\t\t<div data-dce-advanced-background-color=\"#161615\" class=\"elementor-element elementor-element-10e5a43 elementor-widget__width-initial elementor-widget-mobile__width-initial dce_masking-none elementor-vertical-align-top elementor-invisible elementor-widget elementor-widget-image-box\" data-id=\"10e5a43\" data-element_type=\"widget\" data-e-type=\"widget\" data-settings=\"{&quot;_animation&quot;:&quot;fadeInLeft&quot;}\" data-widget_type=\"image-box.default\">\n\t\t\t\t<div class=\"elementor-widget-container\">\n\t\t\t\t\t<div class=\"elementor-image-box-wrapper\"><div class=\"elementor-image-box-content\"><h3 class=\"elementor-image-box-title\">Naturholz <\/h3><p class=\"elementor-image-box-description\">hochwertiges Brennholz f\u00fcr den Gro\u00dfhandel<\/p><\/div><\/div>\t\t\t\t<\/div>\n\t\t\t\t<\/div>\n\t\t\t\t<div class=\"elementor-element elementor-element-0778f2f elementor-widget__width-initial elementor-hidden-tablet elementor-hidden-mobile dce_masking-none elementor-widget elementor-widget-image\" data-id=\"0778f2f\" data-element_type=\"widget\" data-e-type=\"widget\" data-widget_type=\"image.default\">\n\t\t\t\t<div class=\"elementor-widget-container\">\n\t\t\t\t\t\t\t\t\t\t\t\t\t\t\t<img fetchpriority=\"high\" decoding=\"async\" width=\"239\" height=\"261\" src=\"https:\/\/natuurhout.nl\/wp-content\/uploads\/Natuurhout-groen.svg\" class=\"attachment-large size-large wp-image-2842\" alt=\"\">\t\t\t\t\t\t\t\t\t\t\t\t\t\t\t<\/div>\n\t\t\t\t<\/div>\n\t\t\t\t\t<\/div>\n\t\t<\/div>\n\t\t\t\t\t<\/div>\n\t\t<\/section>\n\t\t\t\t<section class=\"elementor-section elementor-top-section elementor-element elementor-element-ee006a8 elementor-section-full_width elementor-section-height-default elementor-section-height-default\" data-id=\"ee006a8\" data-element_type=\"section\" data-e-type=\"section\">\n\t\t\t\t\t\t<div class=\"elementor-container elementor-column-gap-default\">\n\t\t\t\t\t<div class=\"elementor-column elementor-col-100 elementor-top-column elementor-element elementor-element-44f674c\" data-id=\"44f674c\" data-element_type=\"column\" data-e-type=\"column\">\n\t\t\t<div class=\"elementor-widget-wrap elementor-element-populated\">\n\t\t\t\t\t\t<div class=\"dce-fix-background-loop elementor-element elementor-element-df3794e elementor-widget elementor-widget-dce-flexible-content\" data-id=\"df3794e\" data-element_type=\"widget\" data-e-type=\"widget\" data-widget_type=\"dce-flexible-content.default\">\n\t\t\t\t<div class=\"elementor-widget-container\">\n\t\t\t\t\t\t\t<div data-elementor-type=\"section\" data-elementor-id=\"1520\" class=\"elementor elementor-1520 dce-elementor-rendering-id-1\" data-elementor-post-type=\"elementor_library\">\n\t\t\t\t\t<section data-dce-background-color=\"#FFFFFF\" class=\"elementor-section elementor-top-section elementor-element elementor-element-815b268 elementor-section-boxed elementor-section-height-default elementor-section-height-default\" data-id=\"815b268\" data-element_type=\"section\" data-e-type=\"section\" data-settings=\"{&quot;background_background&quot;:&quot;classic&quot;,&quot;enabled_visibility&quot;:&quot;yes&quot;,&quot;dce_visibility_selected&quot;:&quot;yes&quot;}\">\n\t\t\t\t\t\t<div class=\"elementor-container elementor-column-gap-default\">\n\t\t\t\t\t<div class=\"elementor-column elementor-col-100 elementor-top-column elementor-element elementor-element-4f1c596\" data-id=\"4f1c596\" data-element_type=\"column\" data-e-type=\"column\">\n\t\t\t<div class=\"elementor-widget-wrap elementor-element-populated\">\n\t\t\t\t\t\t<div class=\"elementor-element elementor-element-cc21140 elementor-widget elementor-widget-spacer\" data-id=\"cc21140\" data-element_type=\"widget\" data-e-type=\"widget\" data-widget_type=\"spacer.default\">\n\t\t\t\t<div class=\"elementor-widget-container\">\n\t\t\t\t\t\t\t<div class=\"elementor-spacer\">\n\t\t\t<div class=\"elementor-spacer-inner\"><\/div>\n\t\t<\/div>\n\t\t\t\t\t\t<\/div>\n\t\t\t\t<\/div>\n\t\t\t\t\t<\/div>\n\t\t<\/div>\n\t\t\t\t\t<\/div>\n\t\t<\/section>\n\t\t\t\t<section data-dce-background-color=\"#FFFFFF\" class=\"elementor-section elementor-top-section elementor-element elementor-element-1fb5d20e elementor-reverse-mobile elementor-section-boxed elementor-section-height-default elementor-section-height-default\" data-id=\"1fb5d20e\" data-element_type=\"section\" data-e-type=\"section\" data-settings=\"{&quot;background_background&quot;:&quot;classic&quot;}\">\n\t\t\t\t\t\t<div class=\"elementor-container elementor-column-gap-default\">\n\t\t\t\t\t<div class=\"elementor-column elementor-col-50 elementor-top-column elementor-element elementor-element-31046a6e img-blok\" data-id=\"31046a6e\" data-element_type=\"column\" data-e-type=\"column\">\n\t\t\t<div class=\"elementor-widget-wrap elementor-element-populated\">\n\t\t\t\t\t\t<div class=\"elementor-element elementor-element-7999f8e6 forcewidth-yes img-blok2 elementor-widget__width-initial use-bg0 elementor-widget elementor-widget-dyncontel-acf\" data-id=\"7999f8e6\" data-element_type=\"widget\" data-e-type=\"widget\" data-settings=\"{&quot;acf_field_list&quot;:&quot;afbeeld_tekst_afbeelding&quot;,&quot;acf_type&quot;:&quot;image&quot;}\" data-widget_type=\"dyncontel-acf.default\">\n\t\t\t\t<div class=\"elementor-widget-container\">\n\t\t\t\t\t<div class=\"dynamic-content-for-elementor-acf\"><div class=\"acf-image\"><div class=\"mask\"><div class=\"wrap-filters\"><img decoding=\"async\" src=\"https:\/\/natuurhout.nl\/wp-content\/uploads\/Houthakker-4975-scaled.jpg\" alt=\"\"><\/div><\/div><div class=\"dce-overlay_hover\"><\/div><\/div><\/div>\t\t\t\t<\/div>\n\t\t\t\t<\/div>\n\t\t\t\t<div class=\"elementor-element elementor-element-ff8c6b6 elementor-widget__width-initial elementor-absolute elementor-hidden-desktop elementor-hidden-tablet elementor-hidden-mobile dce_masking-none elementor-widget elementor-widget-image\" data-id=\"ff8c6b6\" data-element_type=\"widget\" data-e-type=\"widget\" data-settings=\"{&quot;_position&quot;:&quot;absolute&quot;}\" data-widget_type=\"image.default\">\n\t\t\t\t<div class=\"elementor-widget-container\">\n\t\t\t\t\t\t\t\t\t\t\t\t\t\t\t<img decoding=\"async\" src=\"https:\/\/natuurhout.nl\/wp-content\/uploads\/Group-5001.svg\" title=\"\" alt=\"\" loading=\"lazy\">\t\t\t\t\t\t\t\t\t\t\t\t\t\t\t<\/div>\n\t\t\t\t<\/div>\n\t\t\t\t\t<\/div>\n\t\t<\/div>\n\t\t\t\t<div class=\"elementor-column elementor-col-50 elementor-top-column elementor-element elementor-element-614dd2e\" data-id=\"614dd2e\" data-element_type=\"column\" data-e-type=\"column\">\n\t\t\t<div class=\"elementor-widget-wrap elementor-element-populated\">\n\t\t\t\t\t\t<div data-dce-text-color=\"#161615\" class=\"elementor-element elementor-element-6dd97bcb elementor-invisible elementor-widget elementor-widget-text-editor\" data-id=\"6dd97bcb\" data-element_type=\"widget\" data-e-type=\"widget\" data-settings=\"{&quot;_animation&quot;:&quot;fadeInRight&quot;,&quot;_animation_mobile&quot;:&quot;fadeInRight&quot;}\" data-widget_type=\"text-editor.default\">\n\t\t\t\t<div class=\"elementor-widget-container\">\n\t\t\t\t\t\t\t\t\t<h2>Naturholz \u2013 hochwertiges Brennholz f\u00fcr den Gro\u00dfhandel<\/h2>\n<p>K\u00fcmmern Sie sich um den Einkauf von Brennholz f\u00fcr eine Supermarktkette, einen Baumarkt, Gartencenter, einen Webshop oder f\u00fcr eine Tankstellenpartnerschaft? <a href=\"https:\/\/natuurhout.nl\/de\/over-ons\/\">Naturholz<\/a>\u00a0ist Lieferant von hochwertigem und gut getrocknetem Brennholz f\u00fcr Gro\u00dfh\u00e4ndler und Zwischenh\u00e4ndler. An unserem Produktionsstandort in Rutten (Noordoostpolder) s\u00e4gen, spalten, sieben, verpacken und trocknen wir das Brennholz. <a href=\"https:\/\/natuurhout.nl\/de\/productieproces\/\">Eigene Gesch\u00e4ftsf\u00fchrung<\/a>. Neben Brennholz f\u00fchren wir auch verwandte Artikel wie Anz\u00fcndholz, Feueranz\u00fcnder, Schwedenfackeln und Grillsp\u00e4ne. <a href=\"https:\/\/natuurhout.nl\/de\/producten\/\">Sortiment aus Naturholz.<\/a><\/p>\n\t\t\t\t\t\t\t\t<\/div>\n\t\t\t\t<\/div>\n\t\t<!-- dce invisible element 0ae8205 -->\t\t\t<\/div>\n\t\t<\/div>\n\t\t\t\t\t<\/div>\n\t\t<\/section>\n\t\t\t\t<section data-dce-background-color=\"#FFFFFF\" class=\"elementor-section elementor-top-section elementor-element elementor-element-c0e6de4 elementor-section-boxed elementor-section-height-default elementor-section-height-default\" data-id=\"c0e6de4\" data-element_type=\"section\" data-e-type=\"section\" data-settings=\"{&quot;background_background&quot;:&quot;classic&quot;,&quot;enabled_visibility&quot;:&quot;yes&quot;,&quot;dce_visibility_selected&quot;:&quot;yes&quot;}\">\n\t\t\t\t\t\t<div class=\"elementor-container elementor-column-gap-default\">\n\t\t\t\t\t<div class=\"elementor-column elementor-col-100 elementor-top-column elementor-element elementor-element-a857c00\" data-id=\"a857c00\" data-element_type=\"column\" data-e-type=\"column\">\n\t\t\t<div class=\"elementor-widget-wrap elementor-element-populated\">\n\t\t\t\t\t\t<div class=\"elementor-element elementor-element-2965a00 elementor-widget elementor-widget-spacer\" data-id=\"2965a00\" data-element_type=\"widget\" data-e-type=\"widget\" data-widget_type=\"spacer.default\">\n\t\t\t\t<div class=\"elementor-widget-container\">\n\t\t\t\t\t\t\t<div class=\"elementor-spacer\">\n\t\t\t<div class=\"elementor-spacer-inner\"><\/div>\n\t\t<\/div>\n\t\t\t\t\t\t<\/div>\n\t\t\t\t<\/div>\n\t\t\t\t\t<\/div>\n\t\t<\/div>\n\t\t\t\t\t<\/div>\n\t\t<\/section>\n\t\t\t\t<\/div>\n\t\t\t\t<div data-elementor-type=\"section\" data-elementor-id=\"1516\" class=\"elementor elementor-1516 dce-elementor-rendering-id-2\" data-elementor-post-type=\"elementor_library\">\n\t\t\t\t\t<section data-dce-background-color=\"#f4f4f4\" class=\"elementor-section elementor-top-section elementor-element elementor-element-066f74b elementor-section-boxed elementor-section-height-default elementor-section-height-default\" data-id=\"066f74b\" data-element_type=\"section\" data-e-type=\"section\" data-settings=\"{&quot;background_background&quot;:&quot;classic&quot;,&quot;enabled_visibility&quot;:&quot;yes&quot;,&quot;dce_visibility_selected&quot;:&quot;yes&quot;}\">\n\t\t\t\t\t\t<div class=\"elementor-container elementor-column-gap-default\">\n\t\t\t\t\t<div class=\"elementor-column elementor-col-100 elementor-top-column elementor-element elementor-element-f2a202c\" data-id=\"f2a202c\" data-element_type=\"column\" data-e-type=\"column\">\n\t\t\t<div class=\"elementor-widget-wrap elementor-element-populated\">\n\t\t\t\t\t\t<div class=\"elementor-element elementor-element-be83769 elementor-widget elementor-widget-spacer\" data-id=\"be83769\" data-element_type=\"widget\" data-e-type=\"widget\" data-widget_type=\"spacer.default\">\n\t\t\t\t<div class=\"elementor-widget-container\">\n\t\t\t\t\t\t\t<div class=\"elementor-spacer\">\n\t\t\t<div class=\"elementor-spacer-inner\"><\/div>\n\t\t<\/div>\n\t\t\t\t\t\t<\/div>\n\t\t\t\t<\/div>\n\t\t\t\t\t<\/div>\n\t\t<\/div>\n\t\t\t\t\t<\/div>\n\t\t<\/section>\n\t\t\t\t<section data-dce-background-color=\"#f4f4f4\" class=\"elementor-section elementor-top-section elementor-element elementor-element-f9e0126 elementor-section-boxed elementor-section-height-default elementor-section-height-default\" data-id=\"f9e0126\" data-element_type=\"section\" data-e-type=\"section\" data-settings=\"{&quot;background_background&quot;:&quot;classic&quot;}\">\n\t\t\t\t\t\t<div class=\"elementor-container elementor-column-gap-default\">\n\t\t\t\t\t<div class=\"elementor-column elementor-col-33 elementor-top-column elementor-element elementor-element-ca800bd\" data-id=\"ca800bd\" data-element_type=\"column\" data-e-type=\"column\">\n\t\t\t<div class=\"elementor-widget-wrap elementor-element-populated\">\n\t\t\t\t\t\t<div class=\"elementor-element elementor-element-32a890f elementor-invisible elementor-widget elementor-widget-text-editor\" data-id=\"32a890f\" data-element_type=\"widget\" data-e-type=\"widget\" data-settings=\"{&quot;_animation&quot;:&quot;fadeInLeft&quot;,&quot;_animation_mobile&quot;:&quot;fadeInLeft&quot;}\" data-widget_type=\"text-editor.default\">\n\t\t\t\t<div class=\"elementor-widget-container\">\n\t\t\t\t\t\t\t\t\t<h2>Qualit\u00e4t, Flexibilit\u00e4t und Liefertreue<\/h2>\n<p>Zu unserem professionellen Maschinenpark geh\u00f6ren Massivholzspaltmaschinen mit Doppelsieben, eine automatische Verpackungsmaschine, ein Trockenofen und eine Palettiermaschine. Wir haben eine halbautomatische Produktionslinie f\u00fcr Anz\u00fcndholz entwickelt. F\u00fcr Brennholz haben Sie die Wahl zwischen verschiedenen Verpackungsm\u00f6glichkeiten: lose gesch\u00fcttet in Big Bags, gestapelt auf Paletten und in kleinen Paketen: Netzs\u00e4cke oder Folienbeutel. Dar\u00fcber hinaus k\u00f6nnen wir Brennholz sowohl sortenrein als auch im Brennstoffmix liefern. Da Natuurhout als Lieferant alles im eigenen Haus erledigt, k\u00f6nnen wir schnell auf Ihre Gro\u00dfhandelsw\u00fcnsche und die des Marktes reagieren. Qualit\u00e4t, Flexibilit\u00e4t und Liefertreue sind unsere Grundwerte. Nehmen <a href=\"https:\/\/natuurhout.nl\/de\/contact\/\">Kontakt<\/a> um Ihre W\u00fcnsche zu besprechen. Gerne unterbreiten wir Ihnen ein Angebot.<\/p>\n<p>&nbsp;<\/p>\n<p>Wenn Sie eine Privatperson sind, verweisen wir Sie auf die Website unserer Produktionsfirma <a href=\"https:\/\/www.dehouthakker.nl\/\" target=\"_blank\" rel=\"noopener\">der Holzf\u00e4ller.<\/a><\/p>\n\t\t\t\t\t\t\t\t<\/div>\n\t\t\t\t<\/div>\n\t\t\t\t<div class=\"elementor-element elementor-element-065f25f elementor-align-left elementor-invisible elementor-widget elementor-widget-button\" data-id=\"065f25f\" data-element_type=\"widget\" data-e-type=\"widget\" data-settings=\"{&quot;enabled_visibility&quot;:&quot;yes&quot;,&quot;_animation&quot;:&quot;fadeInLeft&quot;,&quot;_animation_mobile&quot;:&quot;fadeInLeft&quot;,&quot;dce_visibility_selected&quot;:&quot;yes&quot;}\" data-widget_type=\"button.default\">\n\t\t\t\t<div class=\"elementor-widget-container\">\n\t\t\t\t\t\t\t\t\t<div class=\"elementor-button-wrapper\">\n\t\t\t\t\t<a class=\"elementor-button elementor-button-link elementor-size-sm elementor-animation-grow\" href=\"https:\/\/natuurhout.nl\/de\/contact\/\">\n\t\t\t\t\t\t<span class=\"elementor-button-content-wrapper\">\n\t\t\t\t\t\t\t\t\t<span class=\"elementor-button-text\">Bitte kontaktieren Sie uns<\/span>\n\t\t\t\t\t<\/span>\n\t\t\t\t\t<\/a>\n\t\t\t\t<\/div>\n\t\t\t\t\t\t\t\t<\/div>\n\t\t\t\t<\/div>\n\t\t\t\t\t<\/div>\n\t\t<\/div>\n\t\t\t\t<div class=\"elementor-column elementor-col-33 elementor-top-column elementor-element elementor-element-5f8029a img-blok\" data-id=\"5f8029a\" data-element_type=\"column\" data-e-type=\"column\">\n\t\t\t<div class=\"elementor-widget-wrap elementor-element-populated\">\n\t\t\t\t\t\t<div class=\"elementor-element elementor-element-a3f0e80 forcewidth-yes img-blok2 elementor-widget__width-initial align-dce-right elementor-widget-tablet__width-initial use-bg0 elementor-widget elementor-widget-dyncontel-acf\" data-id=\"a3f0e80\" data-element_type=\"widget\" data-e-type=\"widget\" data-settings=\"{&quot;acf_field_list&quot;:&quot;tekst_afbeelding_afbeelding&quot;,&quot;acf_type&quot;:&quot;image&quot;}\" data-widget_type=\"dyncontel-acf.default\">\n\t\t\t\t<div class=\"elementor-widget-container\">\n\t\t\t\t\t<div class=\"dynamic-content-for-elementor-acf\"><div class=\"acf-image\"><div class=\"mask\"><div class=\"wrap-filters\"><img decoding=\"async\" src=\"https:\/\/natuurhout.nl\/wp-content\/uploads\/Houthakker-4383-2-scaled.jpg\" alt=\"\"><\/div><\/div><div class=\"dce-overlay_hover\"><\/div><\/div><\/div>\t\t\t\t<\/div>\n\t\t\t\t<\/div>\n\t\t\t\t<div class=\"elementor-element elementor-element-837c37b elementor-widget__width-initial elementor-absolute elementor-hidden-desktop elementor-hidden-tablet elementor-hidden-mobile dce_masking-none elementor-widget elementor-widget-image\" data-id=\"837c37b\" data-element_type=\"widget\" data-e-type=\"widget\" data-settings=\"{&quot;_position&quot;:&quot;absolute&quot;}\" data-widget_type=\"image.default\">\n\t\t\t\t<div class=\"elementor-widget-container\">\n\t\t\t\t\t\t\t\t\t\t\t\t\t\t\t<img decoding=\"async\" src=\"https:\/\/natuurhout.nl\/wp-content\/uploads\/Group-5019.svg\" title=\"\" alt=\"\" loading=\"lazy\">\t\t\t\t\t\t\t\t\t\t\t\t\t\t\t<\/div>\n\t\t\t\t<\/div>\n\t\t\t\t\t<\/div>\n\t\t<\/div>\n\t\t\t\t<div class=\"elementor-column elementor-col-33 elementor-top-column elementor-element elementor-element-9296bdd img-blok\" data-id=\"9296bdd\" data-element_type=\"column\" data-e-type=\"column\">\n\t\t\t<div class=\"elementor-widget-wrap elementor-element-populated\">\n\t\t\t\t\t\t<div class=\"elementor-element elementor-element-cf37440 elementor-widget__width-initial elementor-absolute dce_masking-none elementor-widget elementor-widget-image\" data-id=\"cf37440\" data-element_type=\"widget\" data-e-type=\"widget\" data-settings=\"{&quot;_position&quot;:&quot;absolute&quot;}\" data-widget_type=\"image.default\">\n\t\t\t\t<div class=\"elementor-widget-container\">\n\t\t\t\t\t\t\t\t\t\t\t\t\t\t\t<img fetchpriority=\"high\" decoding=\"async\" width=\"239\" height=\"261\" src=\"https:\/\/natuurhout.nl\/wp-content\/uploads\/Natuurhout-groen.svg\" class=\"attachment-large size-large wp-image-2842\" alt=\"\">\t\t\t\t\t\t\t\t\t\t\t\t\t\t\t<\/div>\n\t\t\t\t<\/div>\n\t\t\t\t\t<\/div>\n\t\t<\/div>\n\t\t\t\t\t<\/div>\n\t\t<\/section>\n\t\t\t\t<section data-dce-background-color=\"#f4f4f4\" class=\"elementor-section elementor-top-section elementor-element elementor-element-915b035 elementor-section-boxed elementor-section-height-default elementor-section-height-default\" data-id=\"915b035\" data-element_type=\"section\" data-e-type=\"section\" data-settings=\"{&quot;background_background&quot;:&quot;classic&quot;,&quot;enabled_visibility&quot;:&quot;yes&quot;,&quot;dce_visibility_selected&quot;:&quot;yes&quot;}\">\n\t\t\t\t\t\t<div class=\"elementor-container elementor-column-gap-default\">\n\t\t\t\t\t<div class=\"elementor-column elementor-col-100 elementor-top-column elementor-element elementor-element-b334c85\" data-id=\"b334c85\" data-element_type=\"column\" data-e-type=\"column\">\n\t\t\t<div class=\"elementor-widget-wrap elementor-element-populated\">\n\t\t\t\t\t\t<div class=\"elementor-element elementor-element-1257cc6 elementor-widget elementor-widget-spacer\" data-id=\"1257cc6\" data-element_type=\"widget\" data-e-type=\"widget\" data-widget_type=\"spacer.default\">\n\t\t\t\t<div class=\"elementor-widget-container\">\n\t\t\t\t\t\t\t<div class=\"elementor-spacer\">\n\t\t\t<div class=\"elementor-spacer-inner\"><\/div>\n\t\t<\/div>\n\t\t\t\t\t\t<\/div>\n\t\t\t\t<\/div>\n\t\t\t\t\t<\/div>\n\t\t<\/div>\n\t\t\t\t\t<\/div>\n\t\t<\/section>\n\t\t\t\t<\/div>\n\t\t\t\t<div data-elementor-type=\"section\" data-elementor-id=\"2528\" class=\"elementor elementor-2528 dce-elementor-rendering-id-3\" data-elementor-post-type=\"elementor_library\">\n\t\t\t\t\t<section data-dce-background-image-url=\"https:\/\/natuurhout.nl\/wp-content\/uploads\/Houthakker-drone-0427-min-min-scaled.jpg\" class=\"elementor-section elementor-top-section elementor-element elementor-element-938a236 elementor-section-height-min-height parallax elementor-hidden-mobile elementor-section-boxed elementor-section-height-default elementor-section-items-middle\" data-id=\"938a236\" data-element_type=\"section\" data-e-type=\"section\" data-settings=\"{&quot;background_background&quot;:&quot;classic&quot;}\">\n\t\t\t\t\t\t<div class=\"elementor-container elementor-column-gap-default\">\n\t\t\t\t\t<div class=\"elementor-column elementor-col-100 elementor-top-column elementor-element elementor-element-ec1e680\" data-id=\"ec1e680\" data-element_type=\"column\" data-e-type=\"column\">\n\t\t\t<div class=\"elementor-widget-wrap\">\n\t\t\t\t\t\t\t<\/div>\n\t\t<\/div>\n\t\t\t\t\t<\/div>\n\t\t<\/section>\n\t\t\t\t<section data-dce-background-image-url=\"https:\/\/natuurhout.nl\/wp-content\/uploads\/Houthakker-drone-0427-min-min-scaled.jpg\" class=\"elementor-section elementor-top-section elementor-element elementor-element-436c346 elementor-section-height-min-height elementor-hidden-desktop elementor-hidden-tablet elementor-section-boxed elementor-section-height-default elementor-section-items-middle\" data-id=\"436c346\" data-element_type=\"section\" data-e-type=\"section\" data-settings=\"{&quot;background_background&quot;:&quot;classic&quot;}\">\n\t\t\t\t\t\t<div class=\"elementor-container elementor-column-gap-default\">\n\t\t\t\t\t<div class=\"elementor-column elementor-col-100 elementor-top-column elementor-element elementor-element-f654359\" data-id=\"f654359\" data-element_type=\"column\" data-e-type=\"column\">\n\t\t\t<div class=\"elementor-widget-wrap\">\n\t\t\t\t\t\t\t<\/div>\n\t\t<\/div>\n\t\t\t\t\t<\/div>\n\t\t<\/section>\n\t\t\t\t<\/div>\n\t\t\t\t\t\t<\/div>\n\t\t\t\t<\/div>\n\t\t\t\t\t<\/div>\n\t\t<\/div>\n\t\t\t\t\t<\/div>\n\t\t<\/section>\n\t\t\t\t<\/div>","protected":false},"excerpt":{"rendered":"<p>Dieser Beitrag ist nur f\u00fcr Administratoren sichtbar. Problem beim Anzeigen von Facebook-Posts. Klicken Sie hier, um den Fehler anzuzeigen. Fehler: Serverkonfigurationsfehler. L\u00f6sung: Hier erfahren Sie, wie Sie diesen Fehler beheben k\u00f6nnen. Diese Meldung ist nur f\u00fcr Administratoren sichtbar. Like Box aufgrund der AVG\/DSGVO-Einstellung deaktiviert. Klicken Sie hier f\u00fcr weitere Informationen.<\/p>","protected":false},"author":1,"featured_media":0,"parent":0,"menu_order":0,"comment_status":"closed","ping_status":"closed","template":"elementor_header_footer","meta":{"_acf_changed":false,"footnotes":""},"class_list":["post-1010","page","type-page","status-publish","hentry"],"acf":[],"_links":{"self":[{"href":"https:\/\/natuurhout.nl\/de\/wp-json\/wp\/v2\/pages\/1010"}],"collection":[{"href":"https:\/\/natuurhout.nl\/de\/wp-json\/wp\/v2\/pages"}],"about":[{"href":"https:\/\/natuurhout.nl\/de\/wp-json\/wp\/v2\/types\/page"}],"author":[{"embeddable":true,"href":"https:\/\/natuurhout.nl\/de\/wp-json\/wp\/v2\/users\/1"}],"replies":[{"embeddable":true,"href":"https:\/\/natuurhout.nl\/de\/wp-json\/wp\/v2\/comments?post=1010"}],"version-history":[{"count":365,"href":"https:\/\/natuurhout.nl\/de\/wp-json\/wp\/v2\/pages\/1010\/revisions"}],"predecessor-version":[{"id":2965,"href":"https:\/\/natuurhout.nl\/de\/wp-json\/wp\/v2\/pages\/1010\/revisions\/2965"}],"wp:attachment":[{"href":"https:\/\/natuurhout.nl\/de\/wp-json\/wp\/v2\/media?parent=1010"}],"curies":[{"name":"wp","href":"https:\/\/api.w.org\/{rel}","templated":true}]}}